{"id":179,"date":"2024-11-27T14:22:09","date_gmt":"2024-11-27T14:22:09","guid":{"rendered":"https:\/\/linden.lt\/skolos\/?page_id=179"},"modified":"2024-11-28T09:54:57","modified_gmt":"2024-11-28T09:54:57","slug":"es-parama","status":"publish","type":"page","link":"https:\/\/linden.lt\/skolos\/es-parama\/","title":{"rendered":"ES parama"},"content":{"rendered":"<p><img loading=\"lazy\" decoding=\"async\" class=\"alignnone size-medium wp-image-180\" src=\"https:\/\/linden.lt\/skolos\/wp-content\/uploads\/2024\/11\/LT_Co-fundedbytheEU_RGB_POS-300x69.png\" alt=\"\" width=\"300\" height=\"69\" srcset=\"https:\/\/linden.lt\/skolos\/wp-content\/uploads\/2024\/11\/LT_Co-fundedbytheEU_RGB_POS-300x69.png 300w, https:\/\/linden.lt\/skolos\/wp-content\/uploads\/2024\/11\/LT_Co-fundedbytheEU_RGB_POS-1024x235.png 1024w, https:\/\/linden.lt\/skolos\/wp-content\/uploads\/2024\/11\/LT_Co-fundedbytheEU_RGB_POS-768x176.png 768w, https:\/\/linden.lt\/skolos\/wp-content\/uploads\/2024\/11\/LT_Co-fundedbytheEU_RGB_POS-1536x353.png 1536w, https:\/\/linden.lt\/skolos\/wp-content\/uploads\/2024\/11\/LT_Co-fundedbytheEU_RGB_POS-2048x471.png 2048w\" sizes=\"auto, (max-width: 300px) 100vw, 300px\" \/><\/p>\n<p>Advokat\u0173 profesin\u0117 bendrija Jurkonis ir partneriai LINDEN \u012fgyvendina projekt\u0105 <strong>\u201eNaujo inovatyvaus sprendimo ir skaitmenin\u0117s paslaugos suk\u016brimas, naudojant atvirus duomenis, advokat\u0173 profesin\u0117je bendrijoje Jurkonis ir partneriai Linden Nr. 02-045-K-0084\u201c.\u00a0 <\/strong><\/p>\n<p>Projekto tikslas \u2013 naujo inovatyvaus sprendimo ir skaitmenin\u0117s paslaugos suk\u016brimas, naudojant atvirus duomenis, advokat\u0173 profesin\u0117je bendrijoje Jurkonis ir partneriai Linden.<\/p>\n<p>Projekto rezultatas \u2013 \u00a0sukurta automatizuota skol\u0173 i\u0161ie\u0161kojimo sistema.<\/p>\n<p>Projektas \u012fgyvendinamas pagal 2021\u20132030 met\u0173 Lietuvos Respublikos ekonomikos ir inovacij\u0173 ministerijos valstyb\u0117s skaitmeninimo pl\u0117tros programos pa\u017eangos priemon\u0117s Nr. 05-002-01-07-07 \u201eSkatinti duomen\u0173 prieinamum\u0105 ir pakartotin\u012f naudojim\u0105\u201c veiklos \u201e\u012emoni\u0173 investicijos \u012f nauj\u0173 inovatyvi\u0173 sprendim\u0173 ir skaitmenini\u0173 paslaug\u0173 suk\u016brim\u0105, naudojant atvirus duomenis\u201c poveikl\u0117s \u201e\u012emoni\u0173 investicijos \u012f nauj\u0173 inovatyvi\u0173 sprendim\u0173 ir skaitmenini\u0173 paslaug\u0173 suk\u016brim\u0105, naudojant atvirus duomenis\u201c (Sostin\u0117s regionas) ir poveikl\u0117s \u201e\u012emoni\u0173 investicijos \u012f nauj\u0173 inovatyvi\u0173 sprendim\u0173 ir skaitmenini\u0173 paslaug\u0173 suk\u016brim\u0105, naudojant atvirus duomenis\u201c.<\/p>\n<p>Projekto trukm\u0117 2024-10-07 \u2013 2026-03-31<\/p>\n<p>Bendra projekto vert\u0117 149\u00a0798,93 EUR, i\u0161 kuri\u0173 69\u00a0999,40 EUR finansuojama Europos S\u0105jungos fond\u0173 l\u0117\u0161omis.<\/p>\n","protected":false},"excerpt":{"rendered":"<p>Advokat\u0173 profesin\u0117 bendrija Jurkonis ir partneriai LINDEN \u012fgyvendina projekt\u0105 \u201eNaujo inovatyvaus sprendimo ir skaitmenin\u0117s paslaugos suk\u016brimas, naudojant atvirus duomenis, advokat\u0173 profesin\u0117je bendrijoje Jurkonis ir partneriai Linden Nr. 02-045-K-0084\u201c.\u00a0 Projekto tikslas \u2013 naujo inovatyvaus sprendimo ir skaitmenin\u0117s paslaugos suk\u016brimas, naudojant atvirus duomenis, advokat\u0173 profesin\u0117je bendrijoje Jurkonis ir partneriai Linden. Projekto rezultatas \u2013 \u00a0sukurta automatizuota skol\u0173 i\u0161ie\u0161kojimo [&hellip;]<\/p>\n","protected":false},"author":3,"featured_media":0,"parent":0,"menu_order":0,"comment_status":"closed","ping_status":"closed","template":"","meta":{"footnotes":""},"class_list":["post-179","page","type-page","status-publish","hentry"],"acf":[],"yoast_head":"<!-- This site is optimized with the Yoast SEO plugin v21.2 - https:\/\/yoast.com\/wordpress\/plugins\/seo\/ -->\n<title>ES parama - Linden | Skol\u0173 valdymas<\/title>\n<meta name=\"robots\" content=\"index, follow, max-snippet:-1, max-image-preview:large, max-video-preview:-1\" \/>\n<link rel=\"canonical\" href=\"https:\/\/linden.lt\/skolos\/es-parama\/\" \/>\n<meta property=\"og:locale\" content=\"lt_LT\" \/>\n<meta property=\"og:type\" content=\"article\" \/>\n<meta property=\"og:title\" content=\"ES parama - Linden | Skol\u0173 valdymas\" \/>\n<meta property=\"og:description\" content=\"Advokat\u0173 profesin\u0117 bendrija Jurkonis ir partneriai LINDEN \u012fgyvendina projekt\u0105 \u201eNaujo inovatyvaus sprendimo ir skaitmenin\u0117s paslaugos suk\u016brimas, naudojant atvirus duomenis, advokat\u0173 profesin\u0117je bendrijoje Jurkonis ir partneriai Linden Nr. 02-045-K-0084\u201c.\u00a0 Projekto tikslas \u2013 naujo inovatyvaus sprendimo ir skaitmenin\u0117s paslaugos suk\u016brimas, naudojant atvirus duomenis, advokat\u0173 profesin\u0117je bendrijoje Jurkonis ir partneriai Linden. Projekto rezultatas \u2013 \u00a0sukurta automatizuota skol\u0173 i\u0161ie\u0161kojimo [&hellip;]\" \/>\n<meta property=\"og:url\" content=\"https:\/\/linden.lt\/skolos\/es-parama\/\" \/>\n<meta property=\"og:site_name\" content=\"Linden | Skol\u0173 valdymas\" \/>\n<meta property=\"article:modified_time\" content=\"2024-11-28T09:54:57+00:00\" \/>\n<meta property=\"og:image\" content=\"https:\/\/linden.lt\/skolos\/wp-content\/uploads\/2024\/11\/LT_Co-fundedbytheEU_RGB_POS-300x69.png\" \/>\n<meta name=\"twitter:card\" content=\"summary_large_image\" \/>\n<meta name=\"twitter:label1\" content=\"Est. reading time\" \/>\n\t<meta name=\"twitter:data1\" content=\"1 minut\u0117\" \/>\n<script type=\"application\/ld+json\" class=\"yoast-schema-graph\">{\"@context\":\"https:\/\/schema.org\",\"@graph\":[{\"@type\":\"WebPage\",\"@id\":\"https:\/\/linden.lt\/skolos\/es-parama\/\",\"url\":\"https:\/\/linden.lt\/skolos\/es-parama\/\",\"name\":\"ES parama - Linden | Skol\u0173 valdymas\",\"isPartOf\":{\"@id\":\"https:\/\/linden.lt\/skolos\/#website\"},\"datePublished\":\"2024-11-27T14:22:09+00:00\",\"dateModified\":\"2024-11-28T09:54:57+00:00\",\"breadcrumb\":{\"@id\":\"https:\/\/linden.lt\/skolos\/es-parama\/#breadcrumb\"},\"inLanguage\":\"lt-LT\",\"potentialAction\":[{\"@type\":\"ReadAction\",\"target\":[\"https:\/\/linden.lt\/skolos\/es-parama\/\"]}]},{\"@type\":\"BreadcrumbList\",\"@id\":\"https:\/\/linden.lt\/skolos\/es-parama\/#breadcrumb\",\"itemListElement\":[{\"@type\":\"ListItem\",\"position\":1,\"name\":\"Home\",\"item\":\"https:\/\/linden.lt\/skolos\/\"},{\"@type\":\"ListItem\",\"position\":2,\"name\":\"ES parama\"}]},{\"@type\":\"WebSite\",\"@id\":\"https:\/\/linden.lt\/skolos\/#website\",\"url\":\"https:\/\/linden.lt\/skolos\/\",\"name\":\"Linden | Skol\u0173 valdymas\",\"description\":\"\",\"potentialAction\":[{\"@type\":\"SearchAction\",\"target\":{\"@type\":\"EntryPoint\",\"urlTemplate\":\"https:\/\/linden.lt\/skolos\/?s={search_term_string}\"},\"query-input\":\"required name=search_term_string\"}],\"inLanguage\":\"lt-LT\"}]}<\/script>\n<!-- \/ Yoast SEO plugin. -->","yoast_head_json":{"title":"ES parama - Linden | Skol\u0173 valdymas","robots":{"index":"index","follow":"follow","max-snippet":"max-snippet:-1","max-image-preview":"max-image-preview:large","max-video-preview":"max-video-preview:-1"},"canonical":"https:\/\/linden.lt\/skolos\/es-parama\/","og_locale":"lt_LT","og_type":"article","og_title":"ES parama - Linden | Skol\u0173 valdymas","og_description":"Advokat\u0173 profesin\u0117 bendrija Jurkonis ir partneriai LINDEN \u012fgyvendina projekt\u0105 \u201eNaujo inovatyvaus sprendimo ir skaitmenin\u0117s paslaugos suk\u016brimas, naudojant atvirus duomenis, advokat\u0173 profesin\u0117je bendrijoje Jurkonis ir partneriai Linden Nr. 02-045-K-0084\u201c.\u00a0 Projekto tikslas \u2013 naujo inovatyvaus sprendimo ir skaitmenin\u0117s paslaugos suk\u016brimas, naudojant atvirus duomenis, advokat\u0173 profesin\u0117je bendrijoje Jurkonis ir partneriai Linden. Projekto rezultatas \u2013 \u00a0sukurta automatizuota skol\u0173 i\u0161ie\u0161kojimo [&hellip;]","og_url":"https:\/\/linden.lt\/skolos\/es-parama\/","og_site_name":"Linden | Skol\u0173 valdymas","article_modified_time":"2024-11-28T09:54:57+00:00","og_image":[{"url":"https:\/\/linden.lt\/skolos\/wp-content\/uploads\/2024\/11\/LT_Co-fundedbytheEU_RGB_POS-300x69.png"}],"twitter_card":"summary_large_image","twitter_misc":{"Est. reading time":"1 minut\u0117"},"schema":{"@context":"https:\/\/schema.org","@graph":[{"@type":"WebPage","@id":"https:\/\/linden.lt\/skolos\/es-parama\/","url":"https:\/\/linden.lt\/skolos\/es-parama\/","name":"ES parama - Linden | Skol\u0173 valdymas","isPartOf":{"@id":"https:\/\/linden.lt\/skolos\/#website"},"datePublished":"2024-11-27T14:22:09+00:00","dateModified":"2024-11-28T09:54:57+00:00","breadcrumb":{"@id":"https:\/\/linden.lt\/skolos\/es-parama\/#breadcrumb"},"inLanguage":"lt-LT","potentialAction":[{"@type":"ReadAction","target":["https:\/\/linden.lt\/skolos\/es-parama\/"]}]},{"@type":"BreadcrumbList","@id":"https:\/\/linden.lt\/skolos\/es-parama\/#breadcrumb","itemListElement":[{"@type":"ListItem","position":1,"name":"Home","item":"https:\/\/linden.lt\/skolos\/"},{"@type":"ListItem","position":2,"name":"ES parama"}]},{"@type":"WebSite","@id":"https:\/\/linden.lt\/skolos\/#website","url":"https:\/\/linden.lt\/skolos\/","name":"Linden | Skol\u0173 valdymas","description":"","potentialAction":[{"@type":"SearchAction","target":{"@type":"EntryPoint","urlTemplate":"https:\/\/linden.lt\/skolos\/?s={search_term_string}"},"query-input":"required name=search_term_string"}],"inLanguage":"lt-LT"}]}},"_links":{"self":[{"href":"https:\/\/linden.lt\/skolos\/wp-json\/wp\/v2\/pages\/179","targetHints":{"allow":["GET"]}}],"collection":[{"href":"https:\/\/linden.lt\/skolos\/wp-json\/wp\/v2\/pages"}],"about":[{"href":"https:\/\/linden.lt\/skolos\/wp-json\/wp\/v2\/types\/page"}],"author":[{"embeddable":true,"href":"https:\/\/linden.lt\/skolos\/wp-json\/wp\/v2\/users\/3"}],"replies":[{"embeddable":true,"href":"https:\/\/linden.lt\/skolos\/wp-json\/wp\/v2\/comments?post=179"}],"version-history":[{"count":3,"href":"https:\/\/linden.lt\/skolos\/wp-json\/wp\/v2\/pages\/179\/revisions"}],"predecessor-version":[{"id":186,"href":"https:\/\/linden.lt\/skolos\/wp-json\/wp\/v2\/pages\/179\/revisions\/186"}],"wp:attachment":[{"href":"https:\/\/linden.lt\/skolos\/wp-json\/wp\/v2\/media?parent=179"}],"curies":[{"name":"wp","href":"https:\/\/api.w.org\/{rel}","templated":true}]}}